{"id":645,"date":"2026-03-09T06:15:56","date_gmt":"2026-03-09T06:15:56","guid":{"rendered":"https:\/\/www.oostfraeisk-instituut.org\/?page_id=645"},"modified":"2026-03-09T08:15:20","modified_gmt":"2026-03-09T08:15:20","slug":"foorstand","status":"publish","type":"page","link":"https:\/\/www.oostfraeisk-instituut.org\/de\/foorstand\/","title":{"rendered":"Vorstand"},"content":{"rendered":"\n<div class=\"wp-block-columns is-layout-flex wp-container-core-columns-is-layout-9d6595d7 wp-block-columns-is-layout-flex\">\n<div class=\"wp-block-column is-layout-flow wp-block-column-is-layout-flow\" style=\"flex-basis:100%\">\n<div class=\"wp-block-columns is-layout-flex wp-container-core-columns-is-layout-9d6595d7 wp-block-columns-is-layout-flex\">\n<div class=\"wp-block-column is-layout-flow wp-block-column-is-layout-flow\">\n<figure class=\"wp-block-image size-medium\"><img loading=\"lazy\" decoding=\"async\" width=\"225\" height=\"300\" src=\"https:\/\/www.oostfraeisk-instituut.org\/wp-content\/uploads\/2026\/03\/20220830_124701-edited-7-rotated-3-225x300.jpg\" alt=\"\" class=\"wp-image-688\" style=\"aspect-ratio:2\/3;object-fit:cover\" srcset=\"https:\/\/www.oostfraeisk-instituut.org\/wp-content\/uploads\/2026\/03\/20220830_124701-edited-7-rotated-3-225x300.jpg 225w, https:\/\/www.oostfraeisk-instituut.org\/wp-content\/uploads\/2026\/03\/20220830_124701-edited-7-rotated-3-768x1024.jpg 768w, https:\/\/www.oostfraeisk-instituut.org\/wp-content\/uploads\/2026\/03\/20220830_124701-edited-7-rotated-3.jpg 1000w\" sizes=\"auto, (max-width: 225px) 100vw, 225px\" \/><\/figure>\n<\/div>\n\n\n\n<div class=\"wp-block-column is-layout-flow wp-block-column-is-layout-flow\">\n<p>1. Vorsitzender<\/p>\n\n\n\n<p>Onno Dirk Feldmann<\/p>\n\n\n\n<p>Jungfr\u00e4iske M\u00e4inskup e.V.<\/p>\n<\/div>\n<\/div>\n\n\n\n<div class=\"wp-block-columns is-layout-flex wp-container-core-columns-is-layout-9d6595d7 wp-block-columns-is-layout-flex\">\n<div class=\"wp-block-column is-layout-flow wp-block-column-is-layout-flow\">\n<figure class=\"wp-block-image size-medium\"><img loading=\"lazy\" decoding=\"async\" width=\"227\" height=\"300\" src=\"https:\/\/www.oostfraeisk-instituut.org\/wp-content\/uploads\/2026\/03\/IMG-20230716-WA0000-edited-4-227x300.jpg\" alt=\"\" class=\"wp-image-649\" style=\"aspect-ratio:2\/3;object-fit:cover\" srcset=\"https:\/\/www.oostfraeisk-instituut.org\/wp-content\/uploads\/2026\/03\/IMG-20230716-WA0000-edited-4-227x300.jpg 227w, https:\/\/www.oostfraeisk-instituut.org\/wp-content\/uploads\/2026\/03\/IMG-20230716-WA0000-edited-4.jpg 585w\" sizes=\"auto, (max-width: 227px) 100vw, 227px\" \/><\/figure>\n<\/div>\n\n\n\n<div class=\"wp-block-column is-layout-flow wp-block-column-is-layout-flow\">\n<p>2. Vorsitzender<\/p>\n\n\n\n<p>Tido Specht<\/p>\n\n\n\n<p>Jungfr\u00e4iske M\u00e4inskup e.V.<\/p>\n<\/div>\n<\/div>\n\n\n\n<div class=\"wp-block-columns is-layout-flex wp-container-core-columns-is-layout-9d6595d7 wp-block-columns-is-layout-flex\">\n<div class=\"wp-block-column is-layout-flow wp-block-column-is-layout-flow\">\n<figure class=\"wp-block-image size-medium\"><img loading=\"lazy\" decoding=\"async\" width=\"229\" height=\"300\" src=\"https:\/\/www.oostfraeisk-instituut.org\/wp-content\/uploads\/2026\/03\/WhatsApp-Image-2026-03-09-at-08.59.36-229x300.jpeg\" alt=\"\" class=\"wp-image-704\" style=\"aspect-ratio:2\/3;object-fit:cover\" srcset=\"https:\/\/www.oostfraeisk-instituut.org\/wp-content\/uploads\/2026\/03\/WhatsApp-Image-2026-03-09-at-08.59.36-229x300.jpeg 229w, https:\/\/www.oostfraeisk-instituut.org\/wp-content\/uploads\/2026\/03\/WhatsApp-Image-2026-03-09-at-08.59.36-768x1007.jpeg 768w, https:\/\/www.oostfraeisk-instituut.org\/wp-content\/uploads\/2026\/03\/WhatsApp-Image-2026-03-09-at-08.59.36.jpeg 780w\" sizes=\"auto, (max-width: 229px) 100vw, 229px\" \/><\/figure>\n<\/div>\n\n\n\n<div class=\"wp-block-column is-layout-flow wp-block-column-is-layout-flow\">\n<p>skriftf\u00f6rder<\/p>\n\n\n\n<p>Steffen Haake<\/p>\n\n\n\n<p><\/p>\n<\/div>\n<\/div>\n\n\n\n<div class=\"wp-block-columns is-layout-flex wp-container-core-columns-is-layout-9d6595d7 wp-block-columns-is-layout-flex\">\n<div class=\"wp-block-column is-layout-flow wp-block-column-is-layout-flow\">\n<figure class=\"wp-block-image size-full\"><img loading=\"lazy\" decoding=\"async\" width=\"228\" height=\"226\" src=\"https:\/\/www.oostfraeisk-instituut.org\/wp-content\/uploads\/2026\/03\/Bruns_19-1_edited.avif\" alt=\"\" class=\"wp-image-707\" style=\"aspect-ratio:2\/3;object-fit:cover\"\/><\/figure>\n<\/div>\n\n\n\n<div class=\"wp-block-column is-layout-flow wp-block-column-is-layout-flow\">\n<p>kassenwart<\/p>\n\n\n\n<p>Torsten Bruns<\/p>\n\n\n\n<p>Wiekenverein e.V.<\/p>\n<\/div>\n<\/div>\n<\/div>\n<\/div>\n","protected":false},"excerpt":{"rendered":"<p>1. Vorsitzender Onno Dirk Feldmann Jungfr\u00e4iske M\u00e4inskup e.V. 2. Vorsitzender Tido Specht Jungfr\u00e4iske M\u00e4inskup e.V. skriftf\u00f6rder Steffen Haake kassenwart Torsten Bruns Wiekenverein e.V.<\/p>\n","protected":false},"author":1,"featured_media":0,"parent":0,"menu_order":0,"comment_status":"closed","ping_status":"closed","template":"","meta":{"_coblocks_attr":"","_coblocks_dimensions":"","_coblocks_responsive_height":"","_coblocks_accordion_ie_support":"","hide_page_title":"","footnotes":""},"class_list":["post-645","page","type-page","status-publish","hentry"],"translation":{"provider":"WPGlobus","version":"3.0.2","language":"de","enabled_languages":["fs","de"],"languages":{"fs":{"title":true,"content":true,"excerpt":false},"de":{"title":true,"content":true,"excerpt":false}}},"_links":{"self":[{"href":"https:\/\/www.oostfraeisk-instituut.org\/de\/wp-json\/wp\/v2\/pages\/645","targetHints":{"allow":["GET"]}}],"collection":[{"href":"https:\/\/www.oostfraeisk-instituut.org\/de\/wp-json\/wp\/v2\/pages"}],"about":[{"href":"https:\/\/www.oostfraeisk-instituut.org\/de\/wp-json\/wp\/v2\/types\/page"}],"author":[{"embeddable":true,"href":"https:\/\/www.oostfraeisk-instituut.org\/de\/wp-json\/wp\/v2\/users\/1"}],"replies":[{"embeddable":true,"href":"https:\/\/www.oostfraeisk-instituut.org\/de\/wp-json\/wp\/v2\/comments?post=645"}],"version-history":[{"count":33,"href":"https:\/\/www.oostfraeisk-instituut.org\/de\/wp-json\/wp\/v2\/pages\/645\/revisions"}],"predecessor-version":[{"id":709,"href":"https:\/\/www.oostfraeisk-instituut.org\/de\/wp-json\/wp\/v2\/pages\/645\/revisions\/709"}],"wp:attachment":[{"href":"https:\/\/www.oostfraeisk-instituut.org\/de\/wp-json\/wp\/v2\/media?parent=645"}],"curies":[{"name":"wp","href":"https:\/\/api.w.org\/{rel}","templated":true}]}}