{"id":430,"date":"2025-03-02T13:41:02","date_gmt":"2025-03-02T13:41:02","guid":{"rendered":"https:\/\/www.oostfraeisk-instituut.org\/?page_id=430"},"modified":"2026-02-26T13:13:58","modified_gmt":"2026-02-26T13:13:58","slug":"sooterfraisk","status":"publish","type":"page","link":"https:\/\/www.oostfraeisk-instituut.org\/de\/sooterfraisk\/","title":{"rendered":"Saterfriesisch"},"content":{"rendered":"\n<p class=\"has-huge-font-size\">Was ist Saterfriesisch?<\/p>\n\n\n\n<p class=\"has-medium-font-size\">Saterfriesisch ist die Sprache der Saterfriesen und die letzte verbliebene Variet\u00e4t der osterlauwersfriesischen Sprache. W\u00e4hrend vor einigen hundert Jahren in Ostfriesland und den anderen friesischen Gebieten \u00f6stlich der Lauwers die urspr\u00fcngliche osterlauwersfriesische Sprache verdr\u00e4ngt wurde, \u00fcberlebte das Saterfriesische als friesische Sprache im Saterland.<\/p>\n\n\n\n<p class=\"has-medium-font-size\">Die saterfriesische Sprache wird in der Gemeinde Saterland im Landkreis Cloppenburg nach unterschiedlichen Sch\u00e4tzungen von nur noch 1000 bis 2500 Menschen gesprochen. Damit handelt es sich um eine der kleinsten Sprachinseln Europas.<\/p>\n\n\n\n<p><\/p>\n","protected":false},"excerpt":{"rendered":"<p>Was ist Saterfriesisch? Saterfriesisch ist die Sprache der Saterfriesen und die letzte verbliebene Variet\u00e4t der osterlauwersfriesischen Sprache. W\u00e4hrend vor einigen hundert Jahren in Ostfriesland und den anderen friesischen Gebieten \u00f6stlich der Lauwers die urspr\u00fcngliche osterlauwersfriesische Sprache verdr\u00e4ngt wurde, \u00fcberlebte das Saterfriesische als friesische Sprache im Saterland. Die saterfriesische Sprache wird in der Gemeinde Saterland im [&hellip;]<\/p>\n","protected":false},"author":3,"featured_media":0,"parent":0,"menu_order":0,"comment_status":"closed","ping_status":"closed","template":"","meta":{"_coblocks_attr":"","_coblocks_dimensions":"","_coblocks_responsive_height":"","_coblocks_accordion_ie_support":"","hide_page_title":"","footnotes":""},"class_list":["post-430","page","type-page","status-publish","hentry"],"translation":{"provider":"WPGlobus","version":"3.0.2","language":"de","enabled_languages":["fs","de"],"languages":{"fs":{"title":true,"content":true,"excerpt":false},"de":{"title":true,"content":true,"excerpt":false}}},"_links":{"self":[{"href":"https:\/\/www.oostfraeisk-instituut.org\/de\/wp-json\/wp\/v2\/pages\/430","targetHints":{"allow":["GET"]}}],"collection":[{"href":"https:\/\/www.oostfraeisk-instituut.org\/de\/wp-json\/wp\/v2\/pages"}],"about":[{"href":"https:\/\/www.oostfraeisk-instituut.org\/de\/wp-json\/wp\/v2\/types\/page"}],"author":[{"embeddable":true,"href":"https:\/\/www.oostfraeisk-instituut.org\/de\/wp-json\/wp\/v2\/users\/3"}],"replies":[{"embeddable":true,"href":"https:\/\/www.oostfraeisk-instituut.org\/de\/wp-json\/wp\/v2\/comments?post=430"}],"version-history":[{"count":6,"href":"https:\/\/www.oostfraeisk-instituut.org\/de\/wp-json\/wp\/v2\/pages\/430\/revisions"}],"predecessor-version":[{"id":614,"href":"https:\/\/www.oostfraeisk-instituut.org\/de\/wp-json\/wp\/v2\/pages\/430\/revisions\/614"}],"wp:attachment":[{"href":"https:\/\/www.oostfraeisk-instituut.org\/de\/wp-json\/wp\/v2\/media?parent=430"}],"curies":[{"name":"wp","href":"https:\/\/api.w.org\/{rel}","templated":true}]}}