{"id":190,"date":"2024-08-12T10:42:47","date_gmt":"2024-08-12T10:42:47","guid":{"rendered":"https:\/\/www.oostfraeisk-instituut.org\/?page_id=190"},"modified":"2026-02-26T13:09:00","modified_gmt":"2026-02-26T13:09:00","slug":"kuntakt","status":"publish","type":"page","link":"https:\/\/www.oostfraeisk-instituut.org\/de\/kuntakt\/","title":{"rendered":"Kontakt"},"content":{"rendered":"\n<p class=\"has-medium-font-size\">Sie k\u00f6nnen das Oostfr\u00e4isk Instituut unter nachfolgenden Adressdaten kontaktieren:<\/p>\n\n\n\n<p class=\"has-medium-font-size\"><\/p>\n\n\n\n<p class=\"has-medium-font-size\">Oostfr\u00e4isk Instituut<br>Rajenstr. 68<br>26810 Westoverledingen<\/p>\n\n\n\n<p class=\"has-medium-font-size\">Email: info@oostfraeisk-instituut.org<\/p>\n\n\n\n<p class=\"has-medium-font-size\">Telefon: 01520 1768522<\/p>\n","protected":false},"excerpt":{"rendered":"<p>Sie k\u00f6nnen das Oostfr\u00e4isk Instituut unter nachfolgenden Adressdaten kontaktieren: Oostfr\u00e4isk InstituutRajenstr. 6826810 Westoverledingen Email: info@oostfraeisk-instituut.org Telefon: 01520 1768522<\/p>\n","protected":false},"author":1,"featured_media":0,"parent":0,"menu_order":0,"comment_status":"closed","ping_status":"closed","template":"","meta":{"_coblocks_attr":"","_coblocks_dimensions":"","_coblocks_responsive_height":"","_coblocks_accordion_ie_support":"","hide_page_title":"","footnotes":""},"class_list":["post-190","page","type-page","status-publish","hentry"],"translation":{"provider":"WPGlobus","version":"3.0.2","language":"de","enabled_languages":["fs","de"],"languages":{"fs":{"title":true,"content":true,"excerpt":false},"de":{"title":true,"content":true,"excerpt":false}}},"_links":{"self":[{"href":"https:\/\/www.oostfraeisk-instituut.org\/de\/wp-json\/wp\/v2\/pages\/190","targetHints":{"allow":["GET"]}}],"collection":[{"href":"https:\/\/www.oostfraeisk-instituut.org\/de\/wp-json\/wp\/v2\/pages"}],"about":[{"href":"https:\/\/www.oostfraeisk-instituut.org\/de\/wp-json\/wp\/v2\/types\/page"}],"author":[{"embeddable":true,"href":"https:\/\/www.oostfraeisk-instituut.org\/de\/wp-json\/wp\/v2\/users\/1"}],"replies":[{"embeddable":true,"href":"https:\/\/www.oostfraeisk-instituut.org\/de\/wp-json\/wp\/v2\/comments?post=190"}],"version-history":[{"count":11,"href":"https:\/\/www.oostfraeisk-instituut.org\/de\/wp-json\/wp\/v2\/pages\/190\/revisions"}],"predecessor-version":[{"id":610,"href":"https:\/\/www.oostfraeisk-instituut.org\/de\/wp-json\/wp\/v2\/pages\/190\/revisions\/610"}],"wp:attachment":[{"href":"https:\/\/www.oostfraeisk-instituut.org\/de\/wp-json\/wp\/v2\/media?parent=190"}],"curies":[{"name":"wp","href":"https:\/\/api.w.org\/{rel}","templated":true}]}}