{"id":15,"date":"2024-04-24T04:56:27","date_gmt":"2024-04-24T04:56:27","guid":{"rendered":"https:\/\/www.oostfraeisk-instituut.org\/?page_id=15"},"modified":"2026-03-09T06:33:04","modified_gmt":"2026-03-09T06:33:04","slug":"start","status":"publish","type":"page","link":"https:\/\/www.oostfraeisk-instituut.org\/de\/","title":{"rendered":"Start"},"content":{"rendered":"\n<div class=\"wp-block-columns is-layout-flex wp-container-core-columns-is-layout-3b6dd6d5 wp-block-columns-is-layout-flex\" style=\"padding-top:var(--wp--preset--spacing--50);padding-right:var(--wp--preset--spacing--30);padding-bottom:var(--wp--preset--spacing--30);padding-left:var(--wp--preset--spacing--30)\">\n<div class=\"wp-block-column is-layout-flow wp-block-column-is-layout-flow\">\n<div class=\"wp-block-columns is-layout-flex wp-container-core-columns-is-layout-9d6595d7 wp-block-columns-is-layout-flex\">\n<div class=\"wp-block-column is-layout-flow wp-block-column-is-layout-flow\"><div class=\"wp-block-image is-style-default\">\n<figure class=\"aligncenter size-medium\"><img loading=\"lazy\" decoding=\"async\" width=\"300\" height=\"273\" src=\"https:\/\/www.oostfraeisk-instituut.org\/wp-content\/uploads\/2024\/04\/toolgewest-300x273.png\" alt=\"\" class=\"wp-image-140\" srcset=\"https:\/\/www.oostfraeisk-instituut.org\/wp-content\/uploads\/2024\/04\/toolgewest-300x273.png 300w, https:\/\/www.oostfraeisk-instituut.org\/wp-content\/uploads\/2024\/04\/toolgewest-768x699.png 768w, https:\/\/www.oostfraeisk-instituut.org\/wp-content\/uploads\/2024\/04\/toolgewest.png 850w\" sizes=\"auto, (max-width: 300px) 100vw, 300px\" \/><\/figure>\n<\/div><\/div>\n\n\n\n<div class=\"wp-block-column is-layout-flow wp-block-column-is-layout-flow\">\n<p class=\"has-text-align-left has-medium-font-size\" style=\"padding-top:var(--wp--preset--spacing--20);padding-right:0rem;padding-bottom:var(--wp--preset--spacing--20);padding-left:0rem\">Das Oostfr\u00e4isk Instituut ist ein unabh\u00e4ngiges Sprachinstitut. Wir f\u00f6rdern den Zugang zum Ostfriesischen Platt und unterst\u00fctzen die freie Entwicklung von Kultur und Wissenschaft. Tr\u00e4ger des Instituts ist der Dachverband Oostfr\u00e4isk Instituut e.V., der wiederum aus mehreren Mitgliedsvereinen der Friesischen Bewegung sowie nat\u00fcrlichen Personen besteht. Das Institut betreibt unter dem Namen Oostfr\u00e4isk Ferla\u011f einen hauseigenen Verlag.<\/p>\n<\/div>\n<\/div>\n\n\n\n<div class=\"wp-block-columns is-layout-flex wp-container-core-columns-is-layout-88f68325 wp-block-columns-is-layout-flex\" style=\"padding-right:0rem;padding-left:0rem\">\n<div class=\"wp-block-column is-layout-flow wp-block-column-is-layout-flow\" style=\"flex-basis:100%\">\n<div class=\"wp-block-buttons is-content-justification-left is-layout-flex wp-container-core-buttons-is-layout-45245d17 wp-block-buttons-is-layout-flex\">\n<div class=\"wp-block-button has-custom-width wp-block-button__width-100 is-style-fill\"><a class=\"wp-block-button__link has-huge-font-size has-custom-font-size wp-element-button\" href=\"https:\/\/www.oostfraeisk-instituut.org\/de\/oostfraisk-plat\/\" style=\"padding-top:var(--wp--preset--spacing--80);padding-right:0;padding-bottom:var(--wp--preset--spacing--80);padding-left:0\">ostfriesisches Platt<\/a><\/div>\n<\/div>\n<\/div>\n\n\n\n<div class=\"wp-block-column is-layout-flow wp-block-column-is-layout-flow\" style=\"flex-basis:100%\">\n<div class=\"wp-block-buttons is-layout-flex wp-block-buttons-is-layout-flex\">\n<div class=\"wp-block-button has-custom-width wp-block-button__width-100 is-style-fill\"><a class=\"wp-block-button__link has-huge-font-size has-custom-font-size wp-element-button\" href=\"https:\/\/www.oostfraeisk-instituut.org\/de\/toolkursen\/\" style=\"padding-top:var(--wp--preset--spacing--80);padding-right:0;padding-bottom:var(--wp--preset--spacing--80);padding-left:0\">Sprachkurse<\/a><\/div>\n<\/div>\n<\/div>\n\n\n\n<div class=\"wp-block-column is-layout-flow wp-block-column-is-layout-flow\" style=\"flex-basis:100%\">\n<div class=\"wp-block-buttons is-layout-flex wp-block-buttons-is-layout-flex\">\n<div class=\"wp-block-button has-custom-width wp-block-button__width-100 is-style-fill\"><a class=\"wp-block-button__link has-huge-font-size has-custom-font-size wp-element-button\" href=\"https:\/\/oostfraeisk.org\" style=\"padding-top:var(--wp--preset--spacing--80);padding-right:0;padding-bottom:var(--wp--preset--spacing--80);padding-left:0\">W\u00f6rterbuch<\/a><\/div>\n<\/div>\n<\/div>\n\n\n\n<div class=\"wp-block-column is-layout-flow wp-block-column-is-layout-flow\" style=\"flex-basis:100%\">\n<div class=\"wp-block-buttons is-layout-flex wp-block-buttons-is-layout-flex\">\n<div class=\"wp-block-button has-custom-width wp-block-button__width-100 is-style-fill\"><a class=\"wp-block-button__link has-huge-font-size has-custom-font-size wp-element-button\" href=\"https:\/\/oostfraeisk.org\/grammar\" style=\"padding-top:var(--wp--preset--spacing--80);padding-right:0;padding-bottom:var(--wp--preset--spacing--80);padding-left:0\">Grammatik<\/a><\/div>\n<\/div>\n<\/div>\n<\/div>\n\n\n\n<div class=\"wp-block-columns is-layout-flex wp-container-core-columns-is-layout-4294f165 wp-block-columns-is-layout-flex\" style=\"padding-top:0px;padding-right:0rem;padding-bottom:0px;padding-left:0rem\">\n<div class=\"wp-block-column is-layout-flow wp-block-column-is-layout-flow\" style=\"flex-basis:100%\">\n<div class=\"wp-block-buttons is-layout-flex wp-block-buttons-is-layout-flex\">\n<div class=\"wp-block-button has-custom-width wp-block-button__width-100 is-style-fill\"><a class=\"wp-block-button__link has-huge-font-size has-custom-font-size wp-element-button\" href=\"https:\/\/www.oostfraeisk-instituut.org\/de\/output\/\" style=\"padding-top:var(--wp--preset--spacing--80);padding-right:0;padding-bottom:var(--wp--preset--spacing--80);padding-left:0\">output<\/a><\/div>\n<\/div>\n<\/div>\n\n\n\n<div class=\"wp-block-column is-layout-flow wp-block-column-is-layout-flow\" style=\"flex-basis:100%\">\n<div class=\"wp-block-buttons is-layout-flex wp-block-buttons-is-layout-flex\">\n<div class=\"wp-block-button has-custom-width wp-block-button__width-100 is-style-fill\"><a class=\"wp-block-button__link has-huge-font-size has-custom-font-size wp-element-button\" href=\"https:\/\/www.oostfraeisk-instituut.org\/de\/instituut\/\" style=\"padding-top:var(--wp--preset--spacing--80);padding-right:0;padding-bottom:var(--wp--preset--spacing--80);padding-left:0\">\u00fcber uns<\/a><\/div>\n<\/div>\n<\/div>\n\n\n\n<div class=\"wp-block-column is-layout-flow wp-block-column-is-layout-flow\" style=\"flex-basis:100%\">\n<div class=\"wp-block-buttons is-layout-flex wp-block-buttons-is-layout-flex\">\n<div class=\"wp-block-button has-custom-width wp-block-button__width-100 is-style-fill\"><a class=\"wp-block-button__link has-huge-font-size has-custom-font-size wp-element-button\" href=\"https:\/\/www.oostfraeisk-instituut.org\/de\/feraein\/\" style=\"padding-top:var(--wp--preset--spacing--80);padding-right:0;padding-bottom:var(--wp--preset--spacing--80);padding-left:0\">Verein<\/a><\/div>\n<\/div>\n<\/div>\n\n\n\n<div class=\"wp-block-column is-layout-flow wp-block-column-is-layout-flow\" style=\"flex-basis:100%\">\n<div class=\"wp-block-buttons is-layout-flex wp-block-buttons-is-layout-flex\">\n<div class=\"wp-block-button has-custom-width wp-block-button__width-100 is-style-fill\"><a class=\"wp-block-button__link has-huge-font-size has-custom-font-size wp-element-button\" href=\"https:\/\/www.oostfraeisk-instituut.org\/de\/kuntakt\/\" style=\"padding-top:var(--wp--preset--spacing--80);padding-right:0;padding-bottom:var(--wp--preset--spacing--80);padding-left:0\">kontakt<\/a><\/div>\n<\/div>\n<\/div>\n<\/div>\n<\/div>\n<\/div>\n\n\n\n<p><\/p>\n\n\n<ul class=\"wp-block-latest-posts__list has-dates wp-block-latest-posts\"><li><div class=\"wp-block-latest-posts__featured-image alignleft\"><img loading=\"lazy\" decoding=\"async\" width=\"150\" height=\"150\" src=\"https:\/\/www.oostfraeisk-instituut.org\/wp-content\/uploads\/2026\/03\/WhatsApp-Image-2026-03-08-at-21.56.35-e1773221424683-150x150.jpeg\" class=\"attachment-thumbnail size-thumbnail wp-post-image\" alt=\"\" style=\"\" \/><\/div><a class=\"wp-block-latest-posts__post-title\" href=\"https:\/\/www.oostfraeisk-instituut.org\/de\/oostfraisk-instituut-grunt-droogerferaien\/\">Oostfr\u00e4isk Instituut gr\u00fcndet Tr\u00e4gerverein<\/a><time datetime=\"2026-03-11T09:18:16+00:00\" class=\"wp-block-latest-posts__post-date\">M\u00e4rz 11, 2026<\/time><div class=\"wp-block-latest-posts__post-excerpt\">Neue Impulse f\u00fcr Sprache und Kultur in Ostfriesland Mit der Gr\u00fcndungsversammlung des Oostfr\u00e4isk Instituut ist am Sonntag, dem 8. M\u00e4rz 2026, eine neue Institution zur F\u00f6rderung der ostfriesischen Sprache, Kultur und Forschung entstanden. Bei der gut besuchten Versammlung im Auricher \u201eKukelorum\u201c kamen zahlreiche Vertreterinnen und Vertreter aus Kulturarbeit, Wissenschaft und\u2026\u00a0<a class=\"wp-block-latest-posts__read-more\" href=\"https:\/\/www.oostfraeisk-instituut.org\/de\/oostfraisk-instituut-grunt-droogerferaien\/\" rel=\"noopener noreferrer\"><span class=\"screen-reader-text\">Oostfr\u00e4isk Instituut gr\u00fcndet Tr\u00e4gerverein <\/span>weiterlesen<\/a><\/div><\/li>\n<li><div class=\"wp-block-latest-posts__featured-image alignleft\"><img loading=\"lazy\" decoding=\"async\" width=\"150\" height=\"150\" src=\"https:\/\/www.oostfraeisk-instituut.org\/wp-content\/uploads\/2026\/02\/Deutscher_Volkshochschul-Verband_VHS-Logo_-_Logo_of_the_German_adult_education_centre_association-e1773224498354-150x150.png\" class=\"attachment-thumbnail size-thumbnail wp-post-image\" alt=\"\" style=\"\" \/><\/div><a class=\"wp-block-latest-posts__post-title\" href=\"https:\/\/www.oostfraeisk-instituut.org\/de\/oostfraisk-instituut-startt-grundkurs-oostfraisk-plat-an-d-vhs-laar\/\">Oostfr\u00e4isk Instituut startet Grundkurs Ostfriesisches Platt an der VHS Leer<\/a><time datetime=\"2026-02-15T22:01:12+00:00\" class=\"wp-block-latest-posts__post-date\">Februar 15, 2026<\/time><div class=\"wp-block-latest-posts__post-excerpt\">Das Oostfr\u00e4isk Instituut setzt seine Aktivit\u00e4ten zur F\u00f6rderung und Vermittlung des Ostfriesischen Platts fort: Gemeinsam mit der Volkshochschule (VHS) Leer wird ein neuer Grundkurs Ostfriesisches Platt (A1) angeboten. In diesem Kurs k\u00f6nnen Interessierte die Grundlagen der ostfriesischen Sprache Schritt f\u00fcr Schritt kennenlernen und praktische Sprachfertigkeiten aufbauen. Der Kurs richtet sich\u2026\u00a0<a class=\"wp-block-latest-posts__read-more\" href=\"https:\/\/www.oostfraeisk-instituut.org\/de\/oostfraisk-instituut-startt-grundkurs-oostfraisk-plat-an-d-vhs-laar\/\" rel=\"noopener noreferrer\"><span class=\"screen-reader-text\">Oostfr\u00e4isk Instituut startet Grundkurs Ostfriesisches Platt an der VHS Leer <\/span>weiterlesen<\/a><\/div><\/li>\n<li><div class=\"wp-block-latest-posts__featured-image alignleft\"><img loading=\"lazy\" decoding=\"async\" width=\"150\" height=\"150\" src=\"https:\/\/www.oostfraeisk-instituut.org\/wp-content\/uploads\/2025\/09\/ooversetter3-edited-e1773224437432-150x150.jpeg\" class=\"attachment-thumbnail size-thumbnail wp-post-image\" alt=\"\" style=\"\" \/><\/div><a class=\"wp-block-latest-posts__post-title\" href=\"https:\/\/www.oostfraeisk-instituut.org\/de\/oostfraisk-instituut-publisaart-ooversetter\/\">Oostfr\u00e4isk Instituut ver\u00f6ffentlicht Ooversetter<\/a><time datetime=\"2025-09-07T12:52:03+00:00\" class=\"wp-block-latest-posts__post-date\">September 7, 2025<\/time><div class=\"wp-block-latest-posts__post-excerpt\">Das Oostfr\u00e4isk Instituut gab am 06.09.2025 die offizielle Ver\u00f6ffentlichung des Ooversetter bekannt. Beim Ooversetter handelt es sich um einen Online-\u00dcbersetzer, der k\u00fcnstliche Intelligenz nutzt, um S\u00e4tze zwischen Hochdeutsch und Ostfriesischem Platt zu \u00fcbersetzen. Der \u201eOoversetter\u201c ist der erste seiner Art und markiert einen wichtigen Meilenstein f\u00fcr die Digitalisierung und Erhaltung\u2026\u00a0<a class=\"wp-block-latest-posts__read-more\" href=\"https:\/\/www.oostfraeisk-instituut.org\/de\/oostfraisk-instituut-publisaart-ooversetter\/\" rel=\"noopener noreferrer\"><span class=\"screen-reader-text\">Oostfr\u00e4isk Instituut ver\u00f6ffentlicht Ooversetter <\/span>weiterlesen<\/a><\/div><\/li>\n<li><div class=\"wp-block-latest-posts__featured-image alignleft\"><img loading=\"lazy\" decoding=\"async\" width=\"150\" height=\"150\" src=\"https:\/\/www.oostfraeisk-instituut.org\/wp-content\/uploads\/2025\/09\/ooversetter-e1773224282760-150x150.jpeg\" class=\"attachment-thumbnail size-thumbnail wp-post-image\" alt=\"\" style=\"\" \/><\/div><a class=\"wp-block-latest-posts__post-title\" href=\"https:\/\/www.oostfraeisk-instituut.org\/de\/oostfraisk-instituut-publisaart-eerst-teaser-tau-d-ooversetter\/\">Oostfr\u00e4isk Instituut ver\u00f6ffentlicht ersten Teaser zum Ooversetter<\/a><time datetime=\"2025-08-22T07:33:48+00:00\" class=\"wp-block-latest-posts__post-date\">August 22, 2025<\/time><div class=\"wp-block-latest-posts__post-excerpt\">Unsichtbarkeit kleiner Sprachen im Internet, keine Tools zum automatischen \u00dcbersetzen? F\u00fcr das Ostfriesische Platt ist damit jetzt Schluss. Das von der Jungfr\u00e4iske M\u00e4inskup und weiteren Vereinen der friesischen Bewegung getragene Oostfr\u00e4isk Instituut ver\u00f6ffentlicht am 06.09. auf oostfraeisk.org mit dem \u201eOoversetter\u201c den ersten KI-basierten \u00dcbersetzer f\u00fcr das Ostfriesische Platt.Auf einer umfangreichen\u2026\u00a0<a class=\"wp-block-latest-posts__read-more\" href=\"https:\/\/www.oostfraeisk-instituut.org\/de\/oostfraisk-instituut-publisaart-eerst-teaser-tau-d-ooversetter\/\" rel=\"noopener noreferrer\"><span class=\"screen-reader-text\">Oostfr\u00e4isk Instituut ver\u00f6ffentlicht ersten Teaser zum Ooversetter <\/span>weiterlesen<\/a><\/div><\/li>\n<li><div class=\"wp-block-latest-posts__featured-image alignleft\"><img loading=\"lazy\" decoding=\"async\" width=\"150\" height=\"150\" src=\"https:\/\/www.oostfraeisk-instituut.org\/wp-content\/uploads\/2024\/11\/WhatsApp-Image-2024-11-17-at-12.31.25-e1773224201950-150x150.jpeg\" class=\"attachment-thumbnail size-thumbnail wp-post-image\" alt=\"\" style=\"\" \/><\/div><a class=\"wp-block-latest-posts__post-title\" href=\"https:\/\/www.oostfraeisk-instituut.org\/de\/oostfraeisk-ki-boobel\/\">Ostfriesische KI &#8222;B\u00f3\u00f3bel&#8220;<\/a><time datetime=\"2024-11-12T08:38:24+00:00\" class=\"wp-block-latest-posts__post-date\">November 12, 2024<\/time><div class=\"wp-block-latest-posts__post-excerpt\">In letzter Zeit machen ki-basiere Chatbots wie Chat GPT und Co. von sich reden. Auch in der \u00dcbersetzungsbranche revolutioniert KI die Art und Weise wie von einer Sprache in die andere \u00fcbersetzt wird. In der Regel funktionieren diese Anwendungen nur f\u00fcr gro\u00dfe Sprachen, w\u00e4hrend Minderheitensprachen au\u00dfen vor bleiben. Das soll\u2026\u00a0<a class=\"wp-block-latest-posts__read-more\" href=\"https:\/\/www.oostfraeisk-instituut.org\/de\/oostfraeisk-ki-boobel\/\" rel=\"noopener noreferrer\"><span class=\"screen-reader-text\">Ostfriesische KI &#8222;B\u00f3\u00f3bel&#8220; <\/span>weiterlesen<\/a><\/div><\/li>\n<\/ul>\n\n\n<p><\/p>\n","protected":false},"excerpt":{"rendered":"<p>Das Oostfr\u00e4isk Instituut ist ein unabh\u00e4ngiges Sprachinstitut. Wir f\u00f6rdern den Zugang zum Ostfriesischen Platt und unterst\u00fctzen die freie Entwicklung von Kultur und Wissenschaft. Tr\u00e4ger des Instituts ist der Dachverband Oostfr\u00e4isk Instituut e.V., der wiederum aus mehreren Mitgliedsvereinen der Friesischen Bewegung sowie nat\u00fcrlichen Personen besteht. Das Institut betreibt unter dem Namen Oostfr\u00e4isk Ferla\u011f einen hauseigenen Verlag.<\/p>\n","protected":false},"author":1,"featured_media":0,"parent":0,"menu_order":0,"comment_status":"closed","ping_status":"closed","template":"template-page-builder.php","meta":{"_coblocks_attr":"","_coblocks_dimensions":"","_coblocks_responsive_height":"","_coblocks_accordion_ie_support":"","hide_page_title":"","footnotes":""},"class_list":["post-15","page","type-page","status-publish","hentry"],"translation":{"provider":"WPGlobus","version":"3.0.2","language":"de","enabled_languages":["fs","de"],"languages":{"fs":{"title":true,"content":true,"excerpt":false},"de":{"title":true,"content":true,"excerpt":false}}},"_links":{"self":[{"href":"https:\/\/www.oostfraeisk-instituut.org\/de\/wp-json\/wp\/v2\/pages\/15","targetHints":{"allow":["GET"]}}],"collection":[{"href":"https:\/\/www.oostfraeisk-instituut.org\/de\/wp-json\/wp\/v2\/pages"}],"about":[{"href":"https:\/\/www.oostfraeisk-instituut.org\/de\/wp-json\/wp\/v2\/types\/page"}],"author":[{"embeddable":true,"href":"https:\/\/www.oostfraeisk-instituut.org\/de\/wp-json\/wp\/v2\/users\/1"}],"replies":[{"embeddable":true,"href":"https:\/\/www.oostfraeisk-instituut.org\/de\/wp-json\/wp\/v2\/comments?post=15"}],"version-history":[{"count":143,"href":"https:\/\/www.oostfraeisk-instituut.org\/de\/wp-json\/wp\/v2\/pages\/15\/revisions"}],"predecessor-version":[{"id":669,"href":"https:\/\/www.oostfraeisk-instituut.org\/de\/wp-json\/wp\/v2\/pages\/15\/revisions\/669"}],"wp:attachment":[{"href":"https:\/\/www.oostfraeisk-instituut.org\/de\/wp-json\/wp\/v2\/media?parent=15"}],"curies":[{"name":"wp","href":"https:\/\/api.w.org\/{rel}","templated":true}]}}