{"id":109,"date":"2024-04-24T08:18:52","date_gmt":"2024-04-24T08:18:52","guid":{"rendered":"https:\/\/www.oostfraeisk-instituut.org\/?page_id=109"},"modified":"2026-02-26T13:12:17","modified_gmt":"2026-02-26T13:12:17","slug":"oostfraisk-plat","status":"publish","type":"page","link":"https:\/\/www.oostfraeisk-instituut.org\/de\/oostfraisk-plat\/","title":{"rendered":"Ostfriesisches Platt"},"content":{"rendered":"\n<p class=\"has-huge-font-size\">Was ist  Ostfriesisches Platt?<\/p>\n\n\n\n<p class=\"has-medium-font-size\">Das Ostfriesische Platt (kurz: Ostfriesisch) ist eine Sprache, welche in Ostfriesland gesprochen wird. Ostfriesisch ist in der Sprachklassifikation nach dem Stammbaummodell von August Schleicher eine Variante des Niederdeutschen.<\/p>\n\n\n\n<p class=\"has-medium-font-size\">Die urspr\u00fcngliche Sprache Ostfrieslands war jedoch bis zum sp\u00e4ten Mittelalter das Friesische. Niederdeutsch kam als Fremdsprache und konnte sich erst sp\u00e4ter als Volkssprache etablieren.<\/p>\n\n\n\n<p class=\"has-medium-font-size\">Die Wellentheorie nach Hugo Schuchardt differenziert die Beschreibung des Sprachwandels. Die erste Welle war das Niederdeutsche, welches die friesische Ursprache in Ostfriesland im 18. Jahrhundert fast v\u00f6llig \u00fcberlagert hatte. Das Friesische hinterlie\u00df seine Spuren vor allem in Substratw\u00f6rtern und in der Phonologie.<\/p>\n\n\n\n<p class=\"has-medium-font-size\">Als zweite Welle kam das Niederl\u00e4ndische, das starken Einfluss auf den Wortschatz des Ostfriesischen aus\u00fcbte. Die dritte Welle macht sich im romanischen Wortschatz bemerkbar, der \u00fcber das Niederl\u00e4ndische, Deutsche oder direkt aus dem Franz\u00f6sischen in das Ostfriesische Platt gekommen ist. Die vierte und letzte Welle ist das Deutsche, welches heutzutage durch die Zweisprachigkeit Ostfrieslands vor allem den Wortschatz des Ostfriesischen durch Lehnw\u00f6rter und Interferenzen beeinflusst.<\/p>\n\n\n\n<p class=\"has-medium-font-size\">Das Ostfriesische Platt ist eine bunte Kontaktsprache und funktioniert in der Praxis als vollwertige Sprache. Das Ostfriesische hat vier gro\u00dfe Dialekte, die sich haupts\u00e4chlich durch eine Lautverschiebung unterscheiden und zusammen das Ostfriesische&nbsp;Platt&nbsp;bilden.<\/p>\n","protected":false},"excerpt":{"rendered":"<p>Was ist Ostfriesisches Platt? Das Ostfriesische Platt (kurz: Ostfriesisch) ist eine Sprache, welche in Ostfriesland gesprochen wird. Ostfriesisch ist in der Sprachklassifikation nach dem Stammbaummodell von August Schleicher eine Variante des Niederdeutschen. Die urspr\u00fcngliche Sprache Ostfrieslands war jedoch bis zum sp\u00e4ten Mittelalter das Friesische. Niederdeutsch kam als Fremdsprache und konnte sich erst sp\u00e4ter als Volkssprache [&hellip;]<\/p>\n","protected":false},"author":1,"featured_media":0,"parent":0,"menu_order":0,"comment_status":"closed","ping_status":"closed","template":"","meta":{"_coblocks_attr":"","_coblocks_dimensions":"","_coblocks_responsive_height":"","_coblocks_accordion_ie_support":"","hide_page_title":"","footnotes":""},"class_list":["post-109","page","type-page","status-publish","hentry"],"translation":{"provider":"WPGlobus","version":"3.0.2","language":"de","enabled_languages":["fs","de"],"languages":{"fs":{"title":true,"content":true,"excerpt":false},"de":{"title":true,"content":true,"excerpt":false}}},"_links":{"self":[{"href":"https:\/\/www.oostfraeisk-instituut.org\/de\/wp-json\/wp\/v2\/pages\/109","targetHints":{"allow":["GET"]}}],"collection":[{"href":"https:\/\/www.oostfraeisk-instituut.org\/de\/wp-json\/wp\/v2\/pages"}],"about":[{"href":"https:\/\/www.oostfraeisk-instituut.org\/de\/wp-json\/wp\/v2\/types\/page"}],"author":[{"embeddable":true,"href":"https:\/\/www.oostfraeisk-instituut.org\/de\/wp-json\/wp\/v2\/users\/1"}],"replies":[{"embeddable":true,"href":"https:\/\/www.oostfraeisk-instituut.org\/de\/wp-json\/wp\/v2\/comments?post=109"}],"version-history":[{"count":23,"href":"https:\/\/www.oostfraeisk-instituut.org\/de\/wp-json\/wp\/v2\/pages\/109\/revisions"}],"predecessor-version":[{"id":612,"href":"https:\/\/www.oostfraeisk-instituut.org\/de\/wp-json\/wp\/v2\/pages\/109\/revisions\/612"}],"wp:attachment":[{"href":"https:\/\/www.oostfraeisk-instituut.org\/de\/wp-json\/wp\/v2\/media?parent=109"}],"curies":[{"name":"wp","href":"https:\/\/api.w.org\/{rel}","templated":true}]}}