{"id":107,"date":"2024-04-24T08:18:36","date_gmt":"2024-04-24T08:18:36","guid":{"rendered":"https:\/\/www.oostfraeisk-instituut.org\/?page_id=107"},"modified":"2026-03-09T06:01:26","modified_gmt":"2026-03-09T06:01:26","slug":"instituut","status":"publish","type":"page","link":"https:\/\/www.oostfraeisk-instituut.org\/de\/instituut\/","title":{"rendered":"Institut"},"content":{"rendered":"\n<p class=\"has-text-align-left has-medium-font-size\" style=\"padding-top:var(--wp--preset--spacing--20);padding-right:0rem;padding-bottom:var(--wp--preset--spacing--20);padding-left:0rem\">Das Oostfr\u00e4isk Instituut ist ein unabh\u00e4ngiges Sprachinstitut. Wir f\u00f6rdern den Zugang zum Ostfriesischen Platt und unterst\u00fctzen die freie Entwicklung von Kultur und Wissenschaft. Tr\u00e4ger des Instituts ist der Dachverband Oostfr\u00e4isk Instituut e.V., der wiederum aus mehreren Mitgliedsvereinen der Friesischen Bewegung sowie nat\u00fcrlichen Personen besteht. Das Institut betreibt unter dem Namen Oostfr\u00e4isk Ferla\u011f einen hauseigenen Verlag.<\/p>\n","protected":false},"excerpt":{"rendered":"<p>Das Oostfr\u00e4isk Instituut ist ein unabh\u00e4ngiges Sprachinstitut. Wir f\u00f6rdern den Zugang zum Ostfriesischen Platt und unterst\u00fctzen die freie Entwicklung von Kultur und Wissenschaft. Tr\u00e4ger des Instituts ist der Dachverband Oostfr\u00e4isk Instituut e.V., der wiederum aus mehreren Mitgliedsvereinen der Friesischen Bewegung sowie nat\u00fcrlichen Personen besteht. Das Institut betreibt unter dem Namen Oostfr\u00e4isk Ferla\u011f einen hauseigenen Verlag.<\/p>\n","protected":false},"author":1,"featured_media":0,"parent":0,"menu_order":0,"comment_status":"closed","ping_status":"closed","template":"","meta":{"_coblocks_attr":"","_coblocks_dimensions":"","_coblocks_responsive_height":"","_coblocks_accordion_ie_support":"","hide_page_title":"","footnotes":""},"class_list":["post-107","page","type-page","status-publish","hentry"],"translation":{"provider":"WPGlobus","version":"3.0.2","language":"de","enabled_languages":["fs","de"],"languages":{"fs":{"title":true,"content":true,"excerpt":false},"de":{"title":true,"content":true,"excerpt":false}}},"_links":{"self":[{"href":"https:\/\/www.oostfraeisk-instituut.org\/de\/wp-json\/wp\/v2\/pages\/107","targetHints":{"allow":["GET"]}}],"collection":[{"href":"https:\/\/www.oostfraeisk-instituut.org\/de\/wp-json\/wp\/v2\/pages"}],"about":[{"href":"https:\/\/www.oostfraeisk-instituut.org\/de\/wp-json\/wp\/v2\/types\/page"}],"author":[{"embeddable":true,"href":"https:\/\/www.oostfraeisk-instituut.org\/de\/wp-json\/wp\/v2\/users\/1"}],"replies":[{"embeddable":true,"href":"https:\/\/www.oostfraeisk-instituut.org\/de\/wp-json\/wp\/v2\/comments?post=107"}],"version-history":[{"count":9,"href":"https:\/\/www.oostfraeisk-instituut.org\/de\/wp-json\/wp\/v2\/pages\/107\/revisions"}],"predecessor-version":[{"id":630,"href":"https:\/\/www.oostfraeisk-instituut.org\/de\/wp-json\/wp\/v2\/pages\/107\/revisions\/630"}],"wp:attachment":[{"href":"https:\/\/www.oostfraeisk-instituut.org\/de\/wp-json\/wp\/v2\/media?parent=107"}],"curies":[{"name":"wp","href":"https:\/\/api.w.org\/{rel}","templated":true}]}}