{"id":103,"date":"2024-04-24T08:17:29","date_gmt":"2024-04-24T08:17:29","guid":{"rendered":"https:\/\/www.oostfraeisk-instituut.org\/?page_id=103"},"modified":"2024-07-07T16:57:29","modified_gmt":"2024-07-07T16:57:29","slug":"ferlag","status":"publish","type":"page","link":"https:\/\/www.oostfraeisk-instituut.org\/de\/ferlag\/","title":{"rendered":"Verlag"},"content":{"rendered":"\n<p class=\"has-medium-font-size\">Innerhalb des Oostfr\u00e4isk Ferla\u011f erscheinen B\u00fccher auf Ostfriesisch und B\u00fccher \u00fcber Ostfriesisch.<\/p>\n\n\n\n<p class=\"has-medium-font-size\">Kontakt: ferlag@oostfraeisk-instituut.org<\/p>\n","protected":false},"excerpt":{"rendered":"<p>Innerhalb des Oostfr\u00e4isk Ferla\u011f erscheinen B\u00fccher auf Ostfriesisch und B\u00fccher \u00fcber Ostfriesisch. Kontakt: ferlag@oostfraeisk-instituut.org<\/p>\n","protected":false},"author":1,"featured_media":0,"parent":0,"menu_order":0,"comment_status":"closed","ping_status":"closed","template":"","meta":{"_coblocks_attr":"","_coblocks_dimensions":"","_coblocks_responsive_height":"","_coblocks_accordion_ie_support":"","hide_page_title":"","footnotes":""},"class_list":["post-103","page","type-page","status-publish","hentry"],"translation":{"provider":"WPGlobus","version":"3.0.2","language":"de","enabled_languages":["fs","de"],"languages":{"fs":{"title":true,"content":true,"excerpt":false},"de":{"title":true,"content":true,"excerpt":false}}},"_links":{"self":[{"href":"https:\/\/www.oostfraeisk-instituut.org\/de\/wp-json\/wp\/v2\/pages\/103","targetHints":{"allow":["GET"]}}],"collection":[{"href":"https:\/\/www.oostfraeisk-instituut.org\/de\/wp-json\/wp\/v2\/pages"}],"about":[{"href":"https:\/\/www.oostfraeisk-instituut.org\/de\/wp-json\/wp\/v2\/types\/page"}],"author":[{"embeddable":true,"href":"https:\/\/www.oostfraeisk-instituut.org\/de\/wp-json\/wp\/v2\/users\/1"}],"replies":[{"embeddable":true,"href":"https:\/\/www.oostfraeisk-instituut.org\/de\/wp-json\/wp\/v2\/comments?post=103"}],"version-history":[{"count":6,"href":"https:\/\/www.oostfraeisk-instituut.org\/de\/wp-json\/wp\/v2\/pages\/103\/revisions"}],"predecessor-version":[{"id":180,"href":"https:\/\/www.oostfraeisk-instituut.org\/de\/wp-json\/wp\/v2\/pages\/103\/revisions\/180"}],"wp:attachment":[{"href":"https:\/\/www.oostfraeisk-instituut.org\/de\/wp-json\/wp\/v2\/media?parent=103"}],"curies":[{"name":"wp","href":"https:\/\/api.w.org\/{rel}","templated":true}]}}