{"id":101,"date":"2024-04-24T08:16:54","date_gmt":"2024-04-24T08:16:54","guid":{"rendered":"https:\/\/www.oostfraeisk-instituut.org\/?page_id=101"},"modified":"2026-03-09T06:10:53","modified_gmt":"2026-03-09T06:10:53","slug":"feraien","status":"publish","type":"page","link":"https:\/\/www.oostfraeisk-instituut.org\/de\/feraien\/","title":{"rendered":"Verein"},"content":{"rendered":"\n<p class=\"has-medium-font-size\">Das Oostfr\u00e4isk Instituut ist im Jahr 2024 durch mehrere Vereinen aus der Friesischen Bewegung gegr\u00fcndet worden. Seit 2026 wird das Institut vom Verein Oostfr\u00e4isk Instituut e.V. getragen, der obendrei als Dachverband f\u00fcr die Friesische Bewegung in Ostfriesland fungiert. Der Verband hat aktuell neben nat\u00fcrlichen Personen folgende Mitgliedsvereine:<\/p>\n\n\n\n<ul class=\"wp-block-list\">\n<li class=\"has-medium-font-size\"><a href=\"https:\/\/www.jungfraeiske-maeinskup.frl\">Jungfr\u00e4iske M\u00e4inskup e. V.<\/a><\/li>\n\n\n\n<li class=\"has-medium-font-size\"><a href=\"http:\/\/fvn.eu\" data-type=\"link\" data-id=\"fvn.eu\">Friesischer Verband f\u00fcr Naturschutz e.V.<\/a><\/li>\n\n\n\n<li class=\"has-medium-font-size\"><a href=\"http:\/\/www.wiekenverein.de\" data-type=\"link\" data-id=\"http:\/\/www.wiekenverein.de\">Wiekenverein e.V.<\/a><\/li>\n\n\n\n<li class=\"has-medium-font-size\"><a href=\"https:\/\/sanghfona.weebly.com\/\">Sanghfona &#8211; Oostfr\u00e4isk Fer\u00e4ien f\u00f6\u00f6r Litter\u00f3\u00f3t\u00fcer<\/a><\/li>\n<\/ul>\n","protected":false},"excerpt":{"rendered":"<p>Das Oostfr\u00e4isk Instituut ist im Jahr 2024 durch mehrere Vereinen aus der Friesischen Bewegung gegr\u00fcndet worden. Seit 2026 wird das Institut vom Verein Oostfr\u00e4isk Instituut e.V. getragen, der obendrei als Dachverband f\u00fcr die Friesische Bewegung in Ostfriesland fungiert. Der Verband hat aktuell neben nat\u00fcrlichen Personen folgende Mitgliedsvereine:<\/p>\n","protected":false},"author":1,"featured_media":0,"parent":0,"menu_order":0,"comment_status":"closed","ping_status":"closed","template":"","meta":{"_coblocks_attr":"","_coblocks_dimensions":"","_coblocks_responsive_height":"","_coblocks_accordion_ie_support":"","hide_page_title":"","footnotes":""},"class_list":["post-101","page","type-page","status-publish","hentry"],"translation":{"provider":"WPGlobus","version":"3.0.2","language":"de","enabled_languages":["fs","de"],"languages":{"fs":{"title":true,"content":true,"excerpt":false},"de":{"title":true,"content":true,"excerpt":false}}},"_links":{"self":[{"href":"https:\/\/www.oostfraeisk-instituut.org\/de\/wp-json\/wp\/v2\/pages\/101","targetHints":{"allow":["GET"]}}],"collection":[{"href":"https:\/\/www.oostfraeisk-instituut.org\/de\/wp-json\/wp\/v2\/pages"}],"about":[{"href":"https:\/\/www.oostfraeisk-instituut.org\/de\/wp-json\/wp\/v2\/types\/page"}],"author":[{"embeddable":true,"href":"https:\/\/www.oostfraeisk-instituut.org\/de\/wp-json\/wp\/v2\/users\/1"}],"replies":[{"embeddable":true,"href":"https:\/\/www.oostfraeisk-instituut.org\/de\/wp-json\/wp\/v2\/comments?post=101"}],"version-history":[{"count":29,"href":"https:\/\/www.oostfraeisk-instituut.org\/de\/wp-json\/wp\/v2\/pages\/101\/revisions"}],"predecessor-version":[{"id":644,"href":"https:\/\/www.oostfraeisk-instituut.org\/de\/wp-json\/wp\/v2\/pages\/101\/revisions\/644"}],"wp:attachment":[{"href":"https:\/\/www.oostfraeisk-instituut.org\/de\/wp-json\/wp\/v2\/media?parent=101"}],"curies":[{"name":"wp","href":"https:\/\/api.w.org\/{rel}","templated":true}]}}